{"id":1704,"date":"2020-01-04T15:37:15","date_gmt":"2020-01-04T15:37:15","guid":{"rendered":"http:\/\/nuevaweb.elcerro.com\/?page_id=1704"},"modified":"2020-01-04T15:37:15","modified_gmt":"2020-01-04T15:37:15","slug":"cookies","status":"publish","type":"page","link":"https:\/\/www.elcerro.com\/?page_id=1704","title":{"rendered":"Cookies"},"content":{"rendered":"\n<p>\n\tEn cumplimiento con el art\u00edculo 22 de la Ley 34\/2002, de 11 de julio, de servicios de la sociedad de la informaci\u00f3n y de comercio electr\u00f3nico (LSSI), en relaci\u00f3n con el Reglamento (UE) 2016\/679 del Parlamento Europeo y del Consejo, de 27 de abril de 2016, General de Protecci\u00f3n de Datos (RGPD) y la Ley Org\u00e1nica 3\/2018, de 5 de diciembre, de Protecci\u00f3n de Datos y garant\u00eda de los derechos digitales (LOPDGDD), el Titular pone a disposici\u00f3n de los usuarios la Pol\u00edtica de recogida y tratamiento de cookies del sitio Web.\n<\/p>\n\n<h2>Qu\u00e9 son las Cookies<\/h2>\n<p>\n\tUna Cookie es un fichero que se descarga en su ordenador al entrar a determinadas p\u00e1ginas web. Las cookies permiten a una p\u00e1gina web, entre otras cosas, almacenar y recuperar informaci\u00f3n sobre sus h\u00e1bitos de navegaci\u00f3n y dependiendo de la informaci\u00f3n que contengan y de la forma en que utilice su equipo pueden utilizarse para identificarle.\n<\/p>\n\n\n<h2>Cookies utilizadas en el sitio Web<\/h2>\n<p>\n\tA continuaci\u00f3n se clasifican las cookies utilizadas por el sitio Web <a href=\"\">https:\/\/www.elcerro.com<\/a>:\n\t<!--as\u00ed como su tipolog\u00eda, fines de tratamiento y criterios de conservaci\u00f3n de los datos clasificadas:-->\n<\/p>\n\n<p>\n\t<b>Seg\u00fan la entidad que las gestiona<\/b>\n\t<ul>\n\t\t<li>Cookies propias: Son aquellas enviadas y gestionadas directamente por el Titular.<\/li>\n\t<\/ul>\n<\/p>\n\n<p>\n\t<b>Seg\u00fan su finalidad<\/b>\n\t<ul>\n\t\t<li>\n\t\t\tCookies t\u00e9cnicas: Son aquellas que permiten a los usuarios registrados navegar a trav\u00e9s del sitio Web, del \u00e1rea restringida y a utilizar sus diferentes funciones, como por ejemplo, el sistema de comentarios o el buscador.\n\t\t<\/li>\n\t\t<li>\n\t\t\tCookies de personalizaci\u00f3n: Son aquellas que permiten a los usuarios acceder al Servicio con algunas caracter\u00edsticas de car\u00e1cter general predefinidas en funci\u00f3n de una serie de criterios establecidos por el Usuario como, por ejemplo, el idioma o el tipo de navegador a trav\u00e9s del cual se conecta a este sitio Web.\n\t\t<\/li>\n\t\t<li>\n\t\t\tCookies sociales: Son establecidas por las plataformas de redes sociales para permitir a los usuarios compartir contenido con sus amigos y redes.\n\t\t<\/li>\n\t<\/ul>\n<\/p>\n\n<p>\n\t<b>Seg\u00fan su duraci\u00f3n<\/b>\n\t<ul>\n\t\t<li>\n\t\t\tCookies de sesi\u00f3n: Son aquellas dise\u00f1adas para recabar y almacenar datos mientras el Usuario accede al sitio Web.\n\t\t<\/li>\n\t\t<li>\n\t\t\tCookies persistentes: Son aquellas en las que los datos siguen almacenados en el terminal del Usuario y pueden ser accedidos y tratados durante un per\u00edodo definido por el responsable de la cookie.\n\t\t<\/li>\t\t\n\t<\/ul>\n<\/p>\n\n\n<h2>Listado de cookies utilizadas<\/h2>\n<p>\n\tEste sitio Web puede instalar las siguientes cookies:\n<\/p>\n<p>\n\t<b>Cookies t\u00e9cnicas<\/b>\n\n\t<ul>\n\t\t<li><b>wp-settings-{user_id}:<\/b> Cookie t\u00e9cnica que se usa para mantener la configuraci\u00f3n del Usuario en el escritorio de WordPress (\/wp-admin). Es persistente y tiene una duraci\u00f3n de 1 a\u00f1o.<\/li>\n\t\t<li><b>hasConsent:<\/b> Cookie t\u00e9cnica que almacena el consentimiento del Usuario. Es persistente y tiene una duraci\u00f3n de 1 a\u00f1o.<\/li>\n\t<\/ul>\n<\/p>\n\n\n<\/ul>\n\n\n<p>\n  <b>Cookies sociales<\/b>\n  <ul>\n    <li>\n      El sitio Web incluye otras funcionalidades proporcionadas por servicios de terceros y redes sociales para mejorar la experiencia de los visitantes. Puede compartir el contenido en sus redes sociales como Facebook, Twitter, Instagram, Vimeo o YouTube con los botones incluidos a tal efecto o con las herramientas para compartir propias de las redes sociales. Como resultado, estos servicios pueden instalar cookies y utilizarlas para rastrear su actividad online. El Titular no tiene control directo sobre la informaci\u00f3n recopilada por estas cookies.\n    <\/li>\n  <\/ul>\n<\/p>\n\n\n\n\n\n\n<h2>Eliminaci\u00f3n de cookies<\/h2>\n<p>\n  Puede aceptar, bloquear o eliminar las cookies instaladas en su equipo mediante la configuraci\u00f3n de las opciones del navegador, pero tenga en cuenta que parte del sitio no funcionar\u00e1 correctamente o que algunas de sus funcionalidades no estar\u00e1n disponibles o tendr\u00e1n errores.\n<\/p>\n<p> \n  En los siguientes enlaces encontrar\u00e1 instrucciones para habilitar o deshabilitar las cookies en los navegadores m\u00e1s comunes.\n<\/p>\n<p>\n  <ul>\n    <li><a rel=\"nofollow\" target=\"_blank\" rel=\"noopener noreferrer nofollow\" href=\"http:\/\/support.mozilla.org\/es\/kb\/habilitar-y-deshabilitar-cookies-que-los-sitios-we\">Firefox<\/a><\/li>\n    <li><a target=\"_blank\" rel=\"noopener noreferrer nofollow\" href=\"https:\/\/support.google.com\/chrome\/answer\/95647?hl=es\">Google Chrome<\/a><\/li>\n    <li><a target=\"_blank\" rel=\"noopener noreferrer nofollow\" href='https:\/\/support.microsoft.com\/es-es\/help\/17442\/windows-internet-explorer-delete-manage-cookies#ie=\"ie-10'>Internet Explorer<\/a><\/li>\n    <li><a target=\"_blank\" rel=\"noopener noreferrer nofollow\" href='https:\/\/support.microsoft.com\/es-es\/help\/4468242\/microsoft-edge-browsing-data-and-privacy'>Microsoft Edge<\/a><\/li>\n    <li><a rel=\"nofollow\" target=\"_blank\" rel=\"noopener noreferrer nofollow\" href=\"http:\/\/support.apple.com\/kb\/HT1677?viewlocale=es_ES\">Safari<\/a><\/li>\n  <\/ul>\n<\/p>\n\n\n<h2>Tratamiento de Datos Personales<\/h2>\n\n<p> \n  El Titular es el Responsable del tratamiento de los datos personales del usuario.\n  Puede consultar toda la informaci\u00f3n relativa al tratamiento de datos personales que recoge el Titular en la p\u00e1gina de la  <a href=\"https:\/\/www.elcerro.com\/?page_id=606\">Pol\u00edtica de Privacidad<\/a>.\n<\/p>\n\n<h2>Contacto<\/h2>\n<p>\n  En caso de que tenga cualquier duda acerca de esta Pol\u00edtica de Cookies o quiera realizar cualquier comentario sobre este sitio Web, puede enviar un mensaje a la direcci\u00f3n de correo electr\u00f3nico:  dpo@elcerro.com\n<\/p>\n<p>En esta web, creemos que hay que ser claros sobre el modo en que recabamos y utilizamos tus datos. Para ofrecer un mayor nivel de transparencia, esta Pol\u00edtica proporciona informaci\u00f3n detallada sobre c\u00f3mo y cu\u00e1ndo utilizamos cookies. Esta Pol\u00edtica de cookies se aplica a cualquier producto o servicio de esta web asociado a esta pol\u00edtica o que la incorpore por referencia.<\/p>\n<h2>\u00bfUtiliza esta web cookies?<\/h2>\n<p>S\u00ed.utilizamos cookies y otras tecnolog\u00edas para garantizar que todos los usuarios de esta web tengan la mejor experiencia posible. Las cookies nos ayudan a mantener tu cuenta segura. Si sigues utilizando nuestros servicios, estar\u00e1s dando tu consentimiento para el uso de las cookies y de otras tecnolog\u00edas similares para los fines que se describen en esta Pol\u00edtica.<\/p>\n<h2>\u00bfQu\u00e9 es una cookie?<\/h2>\n<p>Una cookie es un peque\u00f1o archivo colocado en tu dispositivo electr\u00f3nico que habilita las funcionalidades de esta web. Por ejemplo, las cookies nos permiten identificar tu dispositivo, ofrecerte acceso seguro a esta web y a nuestros sitios en general, e incluso nos ayudan a saber si alguien intenta acceder a tu cuenta desde otro dispositivo. Las cookies tambi\u00e9n te permiten compartir contenidos con facilidad en esta web y nos ayudan a mostrarte anuncios relevantes para ti.<\/p>\n<h2>\u00bfCu\u00e1ndo utiliza esta web cookies?<\/h2>\n<p>Utilizamos cookies en nuestros sitios web. Cualquier navegador que visite estos sitios web recibir\u00e1 cookies nuestras. Tambi\u00e9n colocamos cookies en tu navegador cuando visitas sitios que no son de esta web pero que albergan nuestros complementos (por ejemplo, el bot\u00f3n \u00abCompartir\u00bb de esta web) o etiquetas.<\/p>\n<h2>\u00bfQu\u00e9 tipo de cookies utiliza esta web?<\/h2>\n<p>Utilizamos dos tipos de cookies: persistentes y de sesi\u00f3n. Una cookie persistente nos ayuda a reconocerte como usuario existente para que te resulte m\u00e1s sencillo volver a esta web o interactuar con nuestros servicios sin necesidad de iniciar sesi\u00f3n de nuevo. Una vez que hayas iniciado sesi\u00f3n, la cookie persistente permanecer\u00e1 en tu navegador y esta web la leer\u00e1 cuando regreses a alguno de nuestros sitios web o a sitios de socios que utilizan nuestros servicios (como, por ejemplo, los botones de compartir o de solicitar de empleo). Las cookies de sesi\u00f3n solo duran lo que se mantenga la sesi\u00f3n (normalmente, lo que dure la visita que est\u00e9s realizando en ese momento a un sitio web o la sesi\u00f3n con el navegador).<\/p>\n<h2>\u00bfPara qu\u00e9 se usan las cookies?<\/h2>\n<p>Las cookies pueden utilizarse para reconocerte cuando visitas esta web, recordar tus preferencias y ofrecerte una experiencia personalizada basada en tu configuraci\u00f3n. Las cookies tambi\u00e9n permiten que tus interacciones en esta web sean m\u00e1s r\u00e1pidas y seguras. Adem\u00e1s, las cookies nos permiten mostrarte publicidad dentro y fuera de los sitios web de esta web, y te ofrecen funcionalidades personalizadas a trav\u00e9s de los complementos de esta web como nuestro bot\u00f3n \u00abCompartir\u00bb.<\/p>\n<table>\n<tbody>\n<tr>\n<th>Categor\u00edas de uso<\/th>\n<th>Descripci\u00f3n<\/th>\n<\/tr>\n<tr>\n<td>Autenticaci\u00f3n<\/td>\n<td>Si has iniciado sesi\u00f3n en esta web, las cookies nos ayudan a mostrarte la informaci\u00f3n adecuada y a personalizar tu experiencia.<\/td>\n<\/tr>\n<tr>\n<td>Seguridad<\/td>\n<td>Utilizamos cookies para activar y respaldar nuestras funcionalidades de seguridad, y para ayudarnos a detectar actividades fraudulentas e infracciones de nuestras Condiciones de uso.<\/td>\n<\/tr>\n<tr>\n<td>Preferencias, funcionalidades y servicios<\/td>\n<td>Las cookies pueden decirnos qu\u00e9 idiomas prefieres y cu\u00e1les son tus preferencias de comunicaci\u00f3n. Pueden ayudarte a rellenar formularios en esta web con mayor facilidad. Tambi\u00e9n te proporcionan funcionalidades, informaci\u00f3n y contenidos personalizados conjuntamente con nuestros complementos. Puedes obtener m\u00e1s informaci\u00f3n sobre los complementos en nuestra Pol\u00edtica de privacidad.<\/td>\n<\/tr>\n<tr>\n<td>Publicidad<\/td>\n<td>Podemos usar las cookies para mostrarte publicidad relevante tanto dentro como fuera de los sitios web de esta web. Tambi\u00e9n podemos usar una cookie para saber si alguien que vio un anuncio, lo visit\u00f3 en otro momento y realiz\u00f3 una acci\u00f3n (como descargar un documento o hacer una compra) en el sitio web del anunciante. Asimismo, nuestros socios pueden usar una cookie para determinar si hemos mostrado un anuncio y qu\u00e9 resultados obtuvo, o para obtener informaci\u00f3n sobre c\u00f3mo interaccionas con ellos. Tambi\u00e9n podemos colaborar con un socio para mostrarte un anuncio dentro o fuera del sitio web de esta web, como despu\u00e9s de haber visitado el sitio web de un socio o aplicaci\u00f3n.<\/td>\n<\/tr>\n<tr>\n<td>Rendimiento, an\u00e1lisis e investigaci\u00f3n<\/td>\n<td>Las cookies nos ayudan a averiguar el rendimiento de nuestros sitios web y de los complementos en lugares diferentes. Tambi\u00e9n usamos cookies para comprender, mejorar e investigar productos, funcionalidades y servicios, incluso cuando accedes a esta web desde otros sitios web, aplicaciones o dispositivos como tu ordenador del trabajo o tu tel\u00e9fono m\u00f3vil.<\/td>\n<\/tr>\n<\/tbody>\n<\/table>\n<h2>\u00bfQu\u00e9 es la tecnolog\u00eda DNT?<\/h2>\n<p>\u00abDo Not Track\u00bb (DNT) es un concepto promovido por autoridades reguladoras estadounidenses, como la Comisi\u00f3n Federal de Comercio de EE.&nbsp;UU., para el sector de Internet con el objetivo de desarrollar e implementar un mecanismo que permita a los internautas controlar el seguimiento o rastreo que se realiza de sus actividades en l\u00ednea en los distintos sitios web a trav\u00e9s de la configuraci\u00f3n de sus navegadores. El World Wide Web Consortium (W3C) lleva tiempo trabajando con agentes del sector, navegadores de Internet, empresas tecnol\u00f3gicas, entidades normativas para desarrollar un est\u00e1ndar de tecnolog\u00eda DNT. Aunque se han realizado algunos avances, han sido escasos. Hasta la fecha no se ha adoptado ninguna norma al respecto. Como tal, esta web no responde a se\u00f1ales de \u00abno rastreo\u00bb. <\/p>\n<h2>\u00bfC\u00f3mo se usan las cookies para fines publicitarios?<\/h2>\n<p>Las cookies y otras tecnolog\u00edas publicitarias como las balizas web, los p\u00edxeles y las etiquetas nos ayudan a presentarte anuncios relevantes de manera m\u00e1s efectiva. Tambi\u00e9n nos ayudan a ofrecerte datos agregados de auditor\u00eda, estudios e informes para anunciantes, a entender y mejorar nuestro servicio y a saber qu\u00e9 contenidos se te han mostrado. Nota:&nbsp;Debido a que tu navegador puede solicitar estos anuncios y balizas directamente a los servidores de redes publicitarias, estas redes pueden ver, editar o establecer sus propias cookies como si hubieras solicitado ver una p\u00e1gina web de su sitio. Los anuncios en esta web tambi\u00e9n pueden incluir cookies de terceros.<\/p>\n<p>Si has iniciado sesi\u00f3n en esta web.com, en SlideShare.net o en otro Servicio al que se hace referencia en esta Pol\u00edtica de cookies, o si visitas el sitio web de un tercero con la condici\u00f3n de socio de esta web y te identifica una de nuestras cookies en tu dispositivo, el uso (como tu conducta de navegaci\u00f3n) y los datos de los registros (como tu direcci\u00f3n de IP) se asociar\u00e1n a tu cuenta, tal y como se describe en la Secci\u00f3n 1.3 de nuestra Pol\u00edtica de privacidad. Tambi\u00e9n usamos los datos agregados de terceros, los datos de tu perfil y tu actividad de esta web.<\/p>\n<p>Si eres miembro de esta web pero no has iniciado sesi\u00f3n en tu cuenta en un navegador, esta web puede continuar registrando tus interacciones con nuestros servicios en ese navegador durante 30 d\u00edas para generar an\u00e1lisis de uso asociados a nuestros servicios, que podremos compartir de manera agregada con nuestros clientes de publicidad.<\/p>\n<p>A menos que borres esas cookies de tu navegador, es posible que utilicemos esa informaci\u00f3n para:<\/p>\n<ul>\n<li>Mostrar publicidad m\u00e1s relevante y basada en tus intereses.<\/li>\n<li>Facilitar informes agregados de actividad publicitaria a los anunciantes y a los sitios web que alojan esos anuncios.<\/li>\n<li>Ayudar a los titulares de las aplicaciones y los sitios web a conocer mejor la forma en que los visitantes interact\u00faan con sus sitios o aplicaciones.<\/li>\n<li>Detectar posibles fraudes y otros riesgos y proteger de ellos a nuestros usuarios y socios.<\/li>\n<li>Mejorar nuestros productos.<\/li>\n<\/ul>\n<h2>\u00bfQu\u00e9 cookies de terceros utiliza esta web?<\/h2>\n<p>En nuestra tabla de cookies encontrar\u00e1s informaci\u00f3n sobre las cookies de terceros que alojamos en nuestros sitios. Ten en cuenta que los nombres de las cookies, los p\u00edxeles y otras tecnolog\u00edas pueden cambiar con el tiempo. Ten en cuenta tambi\u00e9n que las empresas y otro tipo de organizaciones que patrocinan p\u00e1ginas en esta web pueden usar cookies, p\u00edxeles u otras tecnolog\u00edas en sus p\u00e1ginas de esta web para analizar tu inter\u00e9s en ellos.<\/p>\n<h2>Control sobre las cookies<\/h2>\n<p>La mayor\u00eda de los navegadores te permite controlar las cookies mediante las preferencias de configuraci\u00f3n. Ahora bien, si limitas la capacidad de los sitios web para guardar cookies, es posible que se resienta tu experiencia general de uso, ya que no ser\u00e1 una experiencia personalizada. Tambi\u00e9n puede que no te sea posible guardar valores de configuraci\u00f3n personalizados como la informaci\u00f3n de inicio de sesi\u00f3n.<\/p>\n<h2>Otros recursos \u00fatiles<\/h2>\n<p>Si deseas m\u00e1s informaci\u00f3n sobre el uso que hacen de las cookies los anunciantes, puede que te resulten \u00fatiles los siguientes enlaces:<\/p>\n<ul>\n<li><a href=\"http:\/\/www.youronlinechoices.eu\/\">Alianza Europea de Publicidad Digital Interactiva (UE)<\/a><\/li>\n<li><a href=\"http:\/\/www.iab.net\/\">Internet Advertising Bureau (EE.&nbsp;UU.)<\/a> (en ingl\u00e9s)<\/li>\n<li><a href=\"http:\/\/www.iabeurope.eu\/\">Internet Advertising Bureau (UE)<\/a> (en ingl\u00e9s)<\/li>\n<\/ul>\n<p>Las empresas que desarrollan los navegadores proporcionan p\u00e1ginas de ayuda para la gesti\u00f3n de cookies en sus productos. Si lo deseas, puedes encontrar informaci\u00f3n adicional m\u00e1s abajo.<\/p>\n<ul>\n<li><a href=\"https:\/\/support.google.com\/chrome\/answer\/95647?hl=en\">Google Chrome<\/a><\/li>\n<li><a href=\"https:\/\/support.microsoft.com\/en-us\/kb\/260971\">Internet Explorer<\/a><\/li>\n<li><a href=\"https:\/\/support.mozilla.org\/en-US\/kb\/cookies-information-websites-store-on-your-computer\">Mozilla Firefox<\/a><\/li>\n<li><a href=\"https:\/\/support.apple.com\/kb\/PH5042?locale=en_US\">Safari (versi\u00f3n escritorio)<\/a><\/li>\n<li><a href=\"https:\/\/support.apple.com\/en-us\/HT201265\">Safari (versi\u00f3n m\u00f3vil)<\/a><\/li>\n<li><a href=\"http:\/\/support.google.com\/ics\/nexus\/bin\/answer.py?hl=en&amp;answer=2425067\">Navegador Android<\/a><\/li>\n<li><a href=\"http:\/\/www.opera.com\/help\">Opera<\/a><\/li>\n<li><a href=\"http:\/\/www.opera.com\/help\/mobile\/android#privacy\">Opera (versi\u00f3n m\u00f3vil)<\/a><\/li>\n<\/ul>\n<p>Si necesitas informaci\u00f3n sobre otro navegador, consulta la documentaci\u00f3n que te facilite su fabricante.<\/p>\n","protected":false},"excerpt":{"rendered":"<p>En cumplimiento con el art\u00edculo 22 de la Ley 34\/2002, de 11 de julio, de servicios de la sociedad de la informaci\u00f3n y de comercio electr\u00f3nico (LSSI), en relaci\u00f3n con el Reglamento (UE) 2016\/679 del Parlamento Europeo y del Consejo, de 27 de abril de 2016, General de Protecci\u00f3n de Datos (RGPD) y la Ley&hellip; <br \/> <a class=\"read-more\" href=\"https:\/\/www.elcerro.com\/?page_id=1704\">Read more<\/a><\/p>\n","protected":false},"author":1,"featured_media":0,"parent":0,"menu_order":0,"comment_status":"closed","ping_status":"closed","template":"","meta":{"spay_email":""},"_links":{"self":[{"href":"https:\/\/www.elcerro.com\/index.php?rest_route=\/wp\/v2\/pages\/1704"}],"collection":[{"href":"https:\/\/www.elcerro.com\/index.php?rest_route=\/wp\/v2\/pages"}],"about":[{"href":"https:\/\/www.elcerro.com\/index.php?rest_route=\/wp\/v2\/types\/page"}],"author":[{"embeddable":true,"href":"https:\/\/www.elcerro.com\/index.php?rest_route=\/wp\/v2\/users\/1"}],"replies":[{"embeddable":true,"href":"https:\/\/www.elcerro.com\/index.php?rest_route=%2Fwp%2Fv2%2Fcomments&post=1704"}],"version-history":[{"count":0,"href":"https:\/\/www.elcerro.com\/index.php?rest_route=\/wp\/v2\/pages\/1704\/revisions"}],"wp:attachment":[{"href":"https:\/\/www.elcerro.com\/index.php?rest_route=%2Fwp%2Fv2%2Fmedia&parent=1704"}],"curies":[{"name":"wp","href":"https:\/\/api.w.org\/{rel}","templated":true}]}}